{"id":7956,"date":"2015-07-04T10:06:07","date_gmt":"2015-07-04T08:06:07","guid":{"rendered":"http:\/\/auto-repair.vamtam.com\/?page_id=7956"},"modified":"2025-07-30T12:57:03","modified_gmt":"2025-07-30T10:57:03","slug":"leistungen","status":"publish","type":"page","link":"https:\/\/www.automobiltechnik-indlekofer.de\/?page_id=7956","title":{"rendered":"Unsere Leistungen"},"content":{"rendered":"<div class=\"row \"><div class=\"wpv-grid grid-3-4  wpv-first-level first unextended animation-from-bottom animated-active\" style=\"padding-top:0px;padding-bottom:0px\" id=\"wpv-column-10cd91a16bdbe61e65c9ab4e78750ceb\" ><ul>\n<li>Getriebe VAG\u00a0Instandsetzung\u00a0(DSG, Automatik, Stufenlose, CVT -Schaltgetriebe)<\/li>\n<li>Getriebe\u00f6lsp\u00fclung<\/li>\n<li>Unfallinstandsetzung\u00a0(Karosserie und Lackarbeiten)<\/li>\n<li>Steinschlag Reparaturen und Windschutzscheiben ersetzen<\/li>\n<li>Hauptuntersuchung<\/li>\n<li>Fehler Diagnose<\/li>\n<li>Inspektion\/Service<\/li>\n<li>\u00d6lwechsel<\/li>\n<li>Bremsfl\u00fcssigkeitsservice<\/li>\n<li>Fahrwerksvermessung<\/li>\n<li>Reifenservice<\/li>\n<li>Neutralisierung von Ger\u00fcchen mit Ozonger\u00e4t f\u00fcr den Innenraum<\/li>\n<li>Klimacheck<\/li>\n<li>Bremsenservice<\/li>\n<li>Wartungsarbeiten (Zahnriemen,Wasserpumpe, Keilrippenriemen, Auspuffanlage, Z\u00fcndkerzen\u00a0ersetzen, Katalysator erneuern, Sto\u00dfd\u00e4mpfer, Achsmanschetten, Federbeine, Kupplungen\u00a0ersetzen)<\/li>\n<li>Anh\u00e4ngerkupplungen\/ Fahrradhecktr\u00e4ger\/Dachboxen montieren<\/li>\n<li>Motorinstandsetzung<\/li>\n<li>KFZ Handel (Neu-und Gebrauchtwagen)<\/li>\n<li>Ersatzwagen pro Tag 49 \u20ac inkl. MwSt. \u00a0(inkl. 100 km Sprit)<\/li>\n<\/ul><\/div><\/div>\n<div class=\"push  wpv-hide-lowres\" style=\"height:70px\"><\/div>\n<h3 style=\"text-align: center;\">Gerne k\u00f6nnen Sie uns auch in allen anderen F\u00e4llen kontaktieren. Wir schauen danach.<\/h3>\n<div class=\"push \" style=\"height:30px\"><\/div>\n","protected":false},"excerpt":{"rendered":"<p>Gerne k\u00f6nnen Sie uns auch in allen anderen F\u00e4llen kontaktieren. Wir schauen danach.<\/p>\n","protected":false},"author":1,"featured_media":0,"parent":0,"menu_order":0,"comment_status":"closed","ping_status":"closed","template":"","meta":{"footnotes":""},"class_list":["post-7956","page","type-page","status-publish","hentry"],"_links":{"self":[{"href":"https:\/\/www.automobiltechnik-indlekofer.de\/index.php?rest_route=\/wp\/v2\/pages\/7956","targetHints":{"allow":["GET"]}}],"collection":[{"href":"https:\/\/www.automobiltechnik-indlekofer.de\/index.php?rest_route=\/wp\/v2\/pages"}],"about":[{"href":"https:\/\/www.automobiltechnik-indlekofer.de\/index.php?rest_route=\/wp\/v2\/types\/page"}],"author":[{"embeddable":true,"href":"https:\/\/www.automobiltechnik-indlekofer.de\/index.php?rest_route=\/wp\/v2\/users\/1"}],"replies":[{"embeddable":true,"href":"https:\/\/www.automobiltechnik-indlekofer.de\/index.php?rest_route=%2Fwp%2Fv2%2Fcomments&post=7956"}],"version-history":[{"count":60,"href":"https:\/\/www.automobiltechnik-indlekofer.de\/index.php?rest_route=\/wp\/v2\/pages\/7956\/revisions"}],"predecessor-version":[{"id":10510,"href":"https:\/\/www.automobiltechnik-indlekofer.de\/index.php?rest_route=\/wp\/v2\/pages\/7956\/revisions\/10510"}],"wp:attachment":[{"href":"https:\/\/www.automobiltechnik-indlekofer.de\/index.php?rest_route=%2Fwp%2Fv2%2Fmedia&parent=7956"}],"curies":[{"name":"wp","href":"https:\/\/api.w.org\/{rel}","templated":true}]}}