{"id":7778,"date":"2015-07-23T10:38:38","date_gmt":"2015-07-23T08:38:38","guid":{"rendered":"http:\/\/auto-repair.vamtam.com\/?page_id=7778"},"modified":"2023-10-09T22:49:47","modified_gmt":"2023-10-09T20:49:47","slug":"ueber-uns","status":"publish","type":"page","link":"https:\/\/www.automobiltechnik-indlekofer.de\/?page_id=7778","title":{"rendered":"\u00dcber Uns"},"content":{"rendered":"<div class=\"push \" style=\"margin-bottom:-100px\"><\/div><img loading=\"lazy\" decoding=\"async\" class=\"aligncenter size-full wp-image-9580\" style=\"z-index: 10; position: relative;\" src=\"https:\/\/www.automobiltechnik-indlekofer.de\/\/wp-content\/themes\/Indlekofer\/samples\/images\/big-symbol.png\" alt=\"big-symbol\" width=\"171\" height=\"197\" \/><br \/>\n<div class=\"push \" style=\"height:15px\"><\/div>\n<div class=\"row \"><div class=\"wpv-grid grid-3-4  wpv-first-level first unextended\" style=\"padding-top:0px;padding-bottom:0px\" id=\"wpv-column-a89d643843c66a658be212a5d81d0187\" ><div class=\"row \"><div class=\"wpv-grid grid-5-6  first unextended\" style=\"padding-top:0px;padding-bottom:0px\" id=\"wpv-column-364ead7561b59f48456c178d36402a83\" ><h3>\u00dcber Uns<\/h3>\n<p>Wir m\u00f6chten uns kurz vorstellen, damit Sie auch wissen mit wem Sie es zu tun haben:<br \/>\nUnser Chef Markus Indlekofer und unsere Chefin Simona Indlekofer.<\/p>\n<p>In der Werkstatt finden Sie unsere Monteure: Helko Schneider, Alex Galler und weitere Mechaniker.<\/p>\n<p>Am Empfang\/Service werden Sie von Silvia M\u00fcller bedient.<\/p>\n<div class=\"push \" style=\"height:40px\"><\/div><\/div><\/div><\/div>\n<div class=\"wpv-grid grid-1-4  wpv-first-level unextended\" style=\"padding-top:0px;padding-bottom:0px\" id=\"wpv-column-935b8944fa61cb4ee1816c8eefd33d84\" ><p style=\"padding-left: 10px;\"><span class='icon shortcode theme  use-hover' style='color:#9d0d16;font-size:32px !important;'>&#57530;<\/span>\n<p style=\"padding-left: 10px;\">Gesch\u00e4ftszeiten<\/p>\n<table style=\"margin-left: 0px; height: 241px;\" width=\"708\">\n<tbody>\n<tr>\n<td width=\"105\"><strong>SERVICE<\/strong><\/td>\n<td style=\"text-align: left;\" width=\"246\"><\/td>\n<\/tr>\n<tr>\n<td>Mo-Fr<\/td>\n<td style=\"text-align: left;\">07.30 \u2013 12.00 Uhr<br \/>\n13.00\u00a0\u2013 18.00 Uhr<\/td>\n<\/tr>\n<\/tbody>\n<tbody>\n<tr>\n<td width=\"105\">Sa<\/td>\n<td style=\"text-align: left;\" width=\"246\">Geschlossen<\/td>\n<\/tr>\n<tr>\n<td width=\"105\"><strong>WERKSTATT<\/strong><\/td>\n<td style=\"text-align: left;\" width=\"246\"><\/td>\n<\/tr>\n<tr>\n<td>Mo-Fr<\/td>\n<td style=\"text-align: left;\">08.00 \u2013 12.00 Uhr<br \/>\n13.00\u00a0\u2013 17.00 Uhr<\/td>\n<\/tr>\n<\/tbody>\n<\/table><\/div><\/div>\n<div class=\"row \"><div class=\"wpv-grid grid-1-1  wpv-first-level first unextended animation-zoom-in animated-active\" style=\"padding-top:0px;padding-bottom:0px\" id=\"wpv-column-3539ba9d0ce13873c7d9d65a4a3c5b80\" ><div class=\"sep-3\"><\/div><\/div><\/div>\n<div class=\"push \" style=\"height:30px\"><\/div>\n<div class=\"row \"><div class=\"wpv-grid grid-1-3  wpv-first-level first unextended animation-from-bottom animated-active\" style=\"padding-top:0px;padding-bottom:0px\" id=\"wpv-column-653d83fe4bb31775ef1e324e3cf27a20\" ><div class=\"clearfix dropcap-wrapper\"><div class=\"dropcap-left\"><span class='dropcap1 '>2010<\/span><\/div><div class=\"dropcap-text\">Er\u00f6ffnung<\/div> <\/div> <div class=\"push \" style=\"height:20px\"><\/div>Seit 2010 in Gro\u00dfbottwar, Benzenm\u00fchlstra\u00dfe 9<\/div>\n<div class=\"wpv-grid grid-1-3  wpv-first-level unextended animation-from-bottom animated-active\" style=\"padding-top:0px;padding-bottom:0px\" id=\"wpv-column-af41331b929e913e7422e4f81e2c4118\" ><div class=\"clearfix dropcap-wrapper\"><div class=\"dropcap-left\"><span class='dropcap1 '>2012<\/span><\/div><div class=\"dropcap-text\">Der Traum von neuen R\u00e4umlichkeiten<\/div> <\/div> <div class=\"push \" style=\"height:20px\"><\/div>\u00a0die Suche nach was Eigenem hat begonnen<\/div>\n<div class=\"wpv-grid grid-1-3  wpv-first-level unextended animation-from-bottom animated-active\" style=\"padding-top:0px;padding-bottom:0px\" id=\"wpv-column-e64bc78b560643c9252d41293a36735a\" ><div class=\"clearfix dropcap-wrapper\"><div class=\"dropcap-left\"><span class='dropcap1 '>2014<\/span><\/div><div class=\"dropcap-text\">Spatenstich\u00a0in Steinheim<\/div> <\/div> <div class=\"push \" style=\"height:20px\"><\/div>Seit Oktober 2014 in eigener Werkstatt, Kreuzweg\u00e4cker 6, 71711 Steinheim<\/div><\/div>\n<div class=\"push  wpv-hide-lowres\" style=\"height:60px\"><\/div>\n<div class=\"row \"><div class=\"wpv-grid grid-1-1  wpv-first-level parallax-bg first has-background extended\" style=\"\n\t\t\t\tbackground: url( 'https:\/\/auto-repair.vamtam.com\/wp-content\/uploads\/2014\/11\/bg_portfolio.jpg' )  center top;\n\t\t\t\tbackground-size: cover;\n\t\t\tbackground-attachment: fixed;background-color:#4A4F55;padding-top:0px;padding-bottom:40px\" id=\"wpv-column-3c16307c5cbfe7987d4a263e804ca79e\"  data-parallax-method=\"to-centre\" data-parallax-inertia=\"-0.2\"><div class=\"extended-column-inner\"><style>#wpv-column-3c16307c5cbfe7987d4a263e804ca79e p,#wpv-column-3c16307c5cbfe7987d4a263e804ca79e em,#wpv-column-3c16307c5cbfe7987d4a263e804ca79e .column-title,#wpv-column-3c16307c5cbfe7987d4a263e804ca79e .sep-text h2.regular-title-wrapper,#wpv-column-3c16307c5cbfe7987d4a263e804ca79e .text-divider-double,#wpv-column-3c16307c5cbfe7987d4a263e804ca79e .sep-text .sep-text-line,#wpv-column-3c16307c5cbfe7987d4a263e804ca79e .sep,#wpv-column-3c16307c5cbfe7987d4a263e804ca79e .sep-2,#wpv-column-3c16307c5cbfe7987d4a263e804ca79e .sep-3,#wpv-column-3c16307c5cbfe7987d4a263e804ca79e td,#wpv-column-3c16307c5cbfe7987d4a263e804ca79e th,#wpv-column-3c16307c5cbfe7987d4a263e804ca79e caption{color:#cccfd2;}#wpv-column-3c16307c5cbfe7987d4a263e804ca79e:before{background-color:transparent;}<\/style><h2 class='column-title'>Galerie<\/h2><div class=\"scrollable-wrapper\">\n<section class=\"portfolios  scroll-x title-false no-description \" id=\"69e76e2f10f5c\">\n\t\t<ul class=\"clearfix  portfolio-items\" data-columns=\"4\">\n\t\t<li data-id=\"321\" data-type=\"gallery\" class=\"no-title no-description  no-button state-closed\">\n\t<div class=\"portfolio-item-wrapper\">\n\t\t\t\t<div class=\"portfolio-image\">\n\t\t\t<div class=\"thumbnail\" style=\"max-height:400px\">\n\t\t\t\t\t\t\t\t\t\t<a href=\"https:\/\/www.automobiltechnik-indlekofer.de\/?post_type=portfolio&#038;p=321\" class=\"meta \" >\n\t\t\t\t\t\t\t\t\t\t\t\t\t<\/a>\n\t\t\t\t\t\t\t<\/div><!-- \/ .thumbnail -->\n\t\t<\/div>\n\n\t\t\t<\/div>\n<\/li><li data-id=\"328\" data-type=\"gallery\" class=\"no-title no-description  no-button state-closed\">\n\t<div class=\"portfolio-item-wrapper\">\n\t\t\t\t<div class=\"portfolio-image\">\n\t\t\t<div class=\"thumbnail\" style=\"max-height:400px\">\n\t\t\t\t\t\t\t\t\t\t<a href=\"https:\/\/www.automobiltechnik-indlekofer.de\/?post_type=portfolio&#038;p=328\" class=\"meta \" >\n\t\t\t\t\t\t\t\t\t\t\t\t\t<\/a>\n\t\t\t\t\t\t\t<\/div><!-- \/ .thumbnail -->\n\t\t<\/div>\n\n\t\t\t<\/div>\n<\/li>\t<\/ul>\n\t<\/section>\n<\/div>\n<p class=\"p1\" style=\"text-align: center;\"><a href=\"https:\/\/www.automobiltechnik-indlekofer.de\/\/?page_id=9563\"><span class=\"accent-3\">Hier k\u00f6nnen Sie unsere Galerie ansehen\u00a0\u2192<\/span><\/a><\/div><\/div><\/div>\n<div class=\"push \" style=\"margin-bottom:-26px\"><\/div>\n<div class=\"push \" style=\"height:30px\"><\/div>\n<div class=\"row \"><div class=\"wpv-grid grid-1-1  wpv-first-level first unextended animation-fade-in animated-active\" style=\"padding-top:0px;padding-bottom:0px\" id=\"wpv-column-5c580437b1026efdee62afc94564aa62\" ><\/div><\/div>\n<p><span style=\"border-radius: 2px; text-indent: 20px; width: auto; padding: 0px 4px 0px 0px; text-align: center; font: bold 11px\/20px 'Helvetica Neue',Helvetica,sans-serif; color: #ffffff; background: #bd081c no-repeat scroll 3px 50% \/ 14px 14px; position: absolute; opacity: 1; z-index: 8675309; display: none; cursor: pointer;\">Merken<\/span><\/p>\n","protected":false},"excerpt":{"rendered":"<p>Merken<\/p>\n","protected":false},"author":1,"featured_media":0,"parent":0,"menu_order":0,"comment_status":"closed","ping_status":"closed","template":"","meta":{"footnotes":""},"class_list":["post-7778","page","type-page","status-publish","hentry"],"_links":{"self":[{"href":"https:\/\/www.automobiltechnik-indlekofer.de\/index.php?rest_route=\/wp\/v2\/pages\/7778","targetHints":{"allow":["GET"]}}],"collection":[{"href":"https:\/\/www.automobiltechnik-indlekofer.de\/index.php?rest_route=\/wp\/v2\/pages"}],"about":[{"href":"https:\/\/www.automobiltechnik-indlekofer.de\/index.php?rest_route=\/wp\/v2\/types\/page"}],"author":[{"embeddable":true,"href":"https:\/\/www.automobiltechnik-indlekofer.de\/index.php?rest_route=\/wp\/v2\/users\/1"}],"replies":[{"embeddable":true,"href":"https:\/\/www.automobiltechnik-indlekofer.de\/index.php?rest_route=%2Fwp%2Fv2%2Fcomments&post=7778"}],"version-history":[{"count":62,"href":"https:\/\/www.automobiltechnik-indlekofer.de\/index.php?rest_route=\/wp\/v2\/pages\/7778\/revisions"}],"predecessor-version":[{"id":10474,"href":"https:\/\/www.automobiltechnik-indlekofer.de\/index.php?rest_route=\/wp\/v2\/pages\/7778\/revisions\/10474"}],"wp:attachment":[{"href":"https:\/\/www.automobiltechnik-indlekofer.de\/index.php?rest_route=%2Fwp%2Fv2%2Fmedia&parent=7778"}],"curies":[{"name":"wp","href":"https:\/\/api.w.org\/{rel}","templated":true}]}}