{"id":31,"date":"2013-03-22T14:19:51","date_gmt":"2013-03-22T14:19:51","guid":{"rendered":"http:\/\/auto-repair.vamtam.com\/?page_id=31"},"modified":"2021-10-13T11:11:29","modified_gmt":"2021-10-13T09:11:29","slug":"contact-us","status":"publish","type":"page","link":"https:\/\/www.automobiltechnik-indlekofer.de\/?page_id=31","title":{"rendered":"Kontakt"},"content":{"rendered":"<div class=\"row \"><div class=\"wpv-grid grid-1-1  wpv-first-level first unextended\" style=\"padding-top:0px;padding-bottom:0px\" id=\"wpv-column-a14637b31ae7b90ea080215c1a833022\" >\t\t<div class=\"sep-text single centered\">\n\t\t\t\t\t\t\t<span class=\"sep-text-before\"><div class=\"sep-text-line\"><\/div><\/span>\n\t\t\t\t\t\t<div class=\"content\">\n\t\t\t\t<h2 class=\"regular-title-wrapper\">\t\t\t\t\tAutomobil Technik Indlekofer\t\t\t\t<\/h2>\t\t\t<\/div>\n\t\t\t<span class=\"sep-text-after\"><div class=\"sep-text-line\"><\/div><\/span>\n\t\t\t\t\t<\/div>\n\t\n\t<div class=\"frame\"><div id=\"google_map_149\" class=\"google_map \" style=\"height:400px;\"><\/div><\/div>\n\t<script type=\"text\/javascript\">\n\tjQuery(document).ready(function($) {\n\t\tjQuery(\"#google_map_149\").gMap( {\"zoom\":17,\"controls\":null,\"maptype\":\"ROADMAP\",\"scrollwheel\":false,\"custom\":{\"styles\":[{\"stylers\":[{\"inverse_lightness\":false},\"\"]}]},\"markers\":[{\"address\":\"\",\"latitude\":\"48.977093\",\"longitude\":\"9.264490\",\"html\":\"\",\"popup\":false}]} );\n\t});\n\t<\/script>\n\n\n<div class=\"row \"><div class=\"wpv-grid grid-1-3  first unextended animation-fade-in animated-active\" style=\"padding-top:0px;padding-bottom:0px\" id=\"wpv-column-f3a75def779004687def2409af2185e9\" ><p style=\"text-align: center;\"><span class='icon shortcode theme  use-hover' style='color:#3c485e;font-size:32px !important;'>&#57547;<\/span>\n<p style=\"text-align: center;\">Kreuzweg\u00e4cker 6<br \/>\n71711 Steinheim an der Murr<br \/>\nEmail:\u00a0info(at)automobiltechnik-indlekofer.de<\/div>\n<div class=\"wpv-grid grid-1-3  unextended animation-fade-in animated-active\" style=\"padding-top:0px;padding-bottom:0px\" id=\"wpv-column-d6a48b71bcb37fad083bf2183032e9a4\" ><p style=\"text-align: center;\"><span class='icon shortcode theme  use-hover' style='color:#3c485e;font-size:32px !important;'>&#57471;<\/span>\n<p style=\"text-align: center;\">Tel: 07144\/89 97 910<br \/>\nFax: 07144\/89 97 91 11<\/div>\n<div class=\"wpv-grid grid-1-3  unextended animation-fade-in animated-active\" style=\"padding-top:0px;padding-bottom:0px\" id=\"wpv-column-75cd8787a86da33f6b44606c2b37e2fe\" ><p style=\"padding-left: 10px;\"><span class='icon shortcode theme  use-hover' style='color:#9d0d16;font-size:32px !important;'>&#57530;<\/span>\n<h4 style=\"padding-left: 10px;\">Gesch\u00e4ftszeiten:<\/h4>\n<h4 style=\"padding-left: 10px;\">Wir freuen uns, Sie zu den folgenden Zeiten begr\u00fc\u00dfen zu d\u00fcrfen:<\/h4>\n<table style=\"margin-left: 0px; height: 241px;\" width=\"659\">\n<tbody>\n<tr>\n<td width=\"105\"><strong>SERVICE<\/strong><\/td>\n<td style=\"text-align: left;\" width=\"246\"><\/td>\n<\/tr>\n<tr>\n<td>Mo-Fr<\/td>\n<td style=\"text-align: left;\">07.30 \u2013 12.00 Uhr<br \/>\n13.00\u00a0\u2013 18.00 Uhr<\/td>\n<\/tr>\n<\/tbody>\n<tbody>\n<tr>\n<td width=\"105\">Sa<\/td>\n<td style=\"text-align: left;\" width=\"246\">(nur nach Vereinbarung)<\/td>\n<\/tr>\n<tr>\n<td width=\"105\"><strong>WERKSTATT<\/strong><\/td>\n<td style=\"text-align: left;\" width=\"246\"><\/td>\n<\/tr>\n<tr>\n<td>Mo-Fr<\/td>\n<td style=\"text-align: left;\">08.00 \u2013 12.00 Uhr<br \/>\n13.00\u00a0\u2013 17.00 Uhr<\/td>\n<\/tr>\n<\/tbody>\n<\/table>\n<table style=\"margin-left: 0px; height: 17px;\" width=\"117\">\n<tbody>\n<tr>\n<td width=\"105\"><\/td>\n<td style=\"text-align: left;\" width=\"246\"><\/td>\n<\/tr>\n<\/tbody>\n<\/table><\/div><\/div>\n<div class=\"push \" style=\"margin-bottom:-40px\"><\/div>\n<div class=\"sep-3\"><\/div>\n<div class=\"row \"><div class=\"wpv-grid grid-1-1  first unextended animation-zoom-in animated-active\" style=\"padding-top:0px;padding-bottom:0px\" id=\"wpv-column-3f6f16504ce619c2022810f36d08295a\" ><div class=\"push \" style=\"margin-bottom:-10px\"><\/div>\n<p style=\"text-align: center;\">Jetzt Fan werden:\u00a0<a href=\"https:\/\/www.facebook.com\/Automobil-Technik-Indlekofer-160107704012590\/timeline\/\" target=\"_blank\" rel=\"noopener\"><span class='icon shortcode   use-hover' style='color:#9d0d16;font-size:16px !important;'>&#58155;<\/span><\/a> \u00a0\u00a0\u00a0<div class=\"push \" style=\"height:20px\"><\/div><\/div><\/div><\/div><\/div>\n<div class=\"row \"><div class=\"wpv-grid grid-1-1  wpv-first-level first has-background extended\" style=\"background-color:#f5f5f5;padding-top:60px;padding-bottom:40px\" id=\"wpv-column-f5bd26e89b244d0a0f5d23ca0757d38c\" ><div class=\"extended-column-inner\"><style>#wpv-column-f5bd26e89b244d0a0f5d23ca0757d38c p,#wpv-column-f5bd26e89b244d0a0f5d23ca0757d38c em,#wpv-column-f5bd26e89b244d0a0f5d23ca0757d38c .column-title,#wpv-column-f5bd26e89b244d0a0f5d23ca0757d38c .sep-text h2.regular-title-wrapper,#wpv-column-f5bd26e89b244d0a0f5d23ca0757d38c .text-divider-double,#wpv-column-f5bd26e89b244d0a0f5d23ca0757d38c .sep-text .sep-text-line,#wpv-column-f5bd26e89b244d0a0f5d23ca0757d38c .sep,#wpv-column-f5bd26e89b244d0a0f5d23ca0757d38c .sep-2,#wpv-column-f5bd26e89b244d0a0f5d23ca0757d38c .sep-3,#wpv-column-f5bd26e89b244d0a0f5d23ca0757d38c td,#wpv-column-f5bd26e89b244d0a0f5d23ca0757d38c th,#wpv-column-f5bd26e89b244d0a0f5d23ca0757d38c caption{color:#767676;}#wpv-column-f5bd26e89b244d0a0f5d23ca0757d38c:before{background-color:transparent;}<\/style><div class=\"row \"><div class=\"wpv-grid grid-1-1  first unextended animation-from-bottom animated-active\" style=\"padding-top:0px;padding-bottom:0px\" id=\"wpv-column-bab82dff7df524680085cffa5e0b7ea5\" ><p>\n<div class=\"wpcf7 no-js\" id=\"wpcf7-f4-o1\" lang=\"de-DE\" dir=\"ltr\" data-wpcf7-id=\"4\">\n<div class=\"screen-reader-response\"><p role=\"status\" aria-live=\"polite\" aria-atomic=\"true\"><\/p> <ul><\/ul><\/div>\n<form action=\"\/index.php?rest_route=%2Fwp%2Fv2%2Fpages%2F31#wpcf7-f4-o1\" method=\"post\" class=\"wpcf7-form init\" aria-label=\"Kontaktformular\" novalidate=\"novalidate\" data-status=\"init\">\n<div style=\"display: none;\">\n<input type=\"hidden\" name=\"_wpcf7\" value=\"4\" \/>\n<input type=\"hidden\" name=\"_wpcf7_version\" value=\"6.0.6\" \/>\n<input type=\"hidden\" name=\"_wpcf7_locale\" value=\"de_DE\" \/>\n<input type=\"hidden\" name=\"_wpcf7_unit_tag\" value=\"wpcf7-f4-o1\" \/>\n<input type=\"hidden\" name=\"_wpcf7_container_post\" value=\"0\" \/>\n<input type=\"hidden\" name=\"_wpcf7_posted_data_hash\" value=\"\" \/>\n<\/div>\n<p>Ich stimme zu dass meine Angaben aus dem Kontaktformular zur Beantwortung meiner Anfrage erhoben und verarbeitet werden. Die Daten werden nach abgeschlossener Bearbeitung Ihrer Anfrage gel\u00f6scht. Hinweis: Sie k\u00f6nnen Ihre Einwilligung jederzeit f\u00fcr die Zukunft per E-Mail an automobiltechnik-indlekofer.de widerrufen. Detaillierte Informationen zum Umgang mit Nutzerdaten finden Sie in unserer Datenschutzerkl\u00e4rung.\n<\/p>\n<p><span class=\"wpcf7-form-control-wrap\" data-name=\"checkbox-724\"><span class=\"wpcf7-form-control wpcf7-checkbox wpcf7-validates-as-required\"><span class=\"wpcf7-list-item first last\"><input type=\"checkbox\" name=\"checkbox-724[]\" value=\"Ich stimme zu\" \/><span class=\"wpcf7-list-item-label\">Ich stimme zu<\/span><\/span><\/span><\/span>\n<\/p>\n<p>Ihr Name (Pflichtfeld)\n<\/p>\n<p><span class=\"wpcf7-form-control-wrap\" data-name=\"your-name\"><input size=\"40\" maxlength=\"400\" class=\"wpcf7-form-control wpcf7-text wpcf7-validates-as-required\" aria-required=\"true\" aria-invalid=\"false\" value=\"\" type=\"text\" name=\"your-name\" \/><\/span>\n<\/p>\n<p>Ihre E-Mail-Adresse (Pflichtfeld)\n<\/p>\n<p><span class=\"wpcf7-form-control-wrap\" data-name=\"your-email\"><input size=\"40\" maxlength=\"400\" class=\"wpcf7-form-control wpcf7-email wpcf7-validates-as-required wpcf7-text wpcf7-validates-as-email\" aria-required=\"true\" aria-invalid=\"false\" value=\"\" type=\"email\" name=\"your-email\" \/><\/span>\n<\/p>\n<p>Betreff\n<\/p>\n<p><span class=\"wpcf7-form-control-wrap\" data-name=\"your-subject\"><input size=\"40\" maxlength=\"400\" class=\"wpcf7-form-control wpcf7-text\" aria-invalid=\"false\" value=\"\" type=\"text\" name=\"your-subject\" \/><\/span>\n<\/p>\n<p>Ihre Nachricht\n<\/p>\n<p><span class=\"wpcf7-form-control-wrap\" data-name=\"your-message\"><textarea cols=\"40\" rows=\"10\" maxlength=\"2000\" class=\"wpcf7-form-control wpcf7-textarea\" aria-invalid=\"false\" name=\"your-message\"><\/textarea><\/span>\n<\/p>\n<p><input class=\"wpcf7-form-control wpcf7-submit has-spinner\" type=\"submit\" value=\"Senden\" \/>\n<\/p><div class=\"wpcf7-response-output\" aria-hidden=\"true\"><\/div>\n<\/form>\n<\/div>\n<\/div><\/div><\/div><\/div><\/div>\n","protected":false},"excerpt":{"rendered":"","protected":false},"author":1,"featured_media":0,"parent":0,"menu_order":3,"comment_status":"closed","ping_status":"closed","template":"","meta":{"footnotes":""},"class_list":["post-31","page","type-page","status-publish","hentry"],"_links":{"self":[{"href":"https:\/\/www.automobiltechnik-indlekofer.de\/index.php?rest_route=\/wp\/v2\/pages\/31","targetHints":{"allow":["GET"]}}],"collection":[{"href":"https:\/\/www.automobiltechnik-indlekofer.de\/index.php?rest_route=\/wp\/v2\/pages"}],"about":[{"href":"https:\/\/www.automobiltechnik-indlekofer.de\/index.php?rest_route=\/wp\/v2\/types\/page"}],"author":[{"embeddable":true,"href":"https:\/\/www.automobiltechnik-indlekofer.de\/index.php?rest_route=\/wp\/v2\/users\/1"}],"replies":[{"embeddable":true,"href":"https:\/\/www.automobiltechnik-indlekofer.de\/index.php?rest_route=%2Fwp%2Fv2%2Fcomments&post=31"}],"version-history":[{"count":55,"href":"https:\/\/www.automobiltechnik-indlekofer.de\/index.php?rest_route=\/wp\/v2\/pages\/31\/revisions"}],"predecessor-version":[{"id":9753,"href":"https:\/\/www.automobiltechnik-indlekofer.de\/index.php?rest_route=\/wp\/v2\/pages\/31\/revisions\/9753"}],"wp:attachment":[{"href":"https:\/\/www.automobiltechnik-indlekofer.de\/index.php?rest_route=%2Fwp%2Fv2%2Fmedia&parent=31"}],"curies":[{"name":"wp","href":"https:\/\/api.w.org\/{rel}","templated":true}]}}